{"id":117,"date":"2020-05-11T08:08:41","date_gmt":"2020-05-11T08:08:41","guid":{"rendered":"https:\/\/fwglorch.de\/?page_id=117"},"modified":"2021-01-31T14:56:12","modified_gmt":"2021-01-31T14:56:12","slug":"kommunalwahl-2021","status":"publish","type":"page","link":"https:\/\/fwglorch.de\/?page_id=117","title":{"rendered":"Kommunalwahl 2021"},"content":{"rendered":"\t\t<div data-elementor-type=\"wp-page\" data-elementor-id=\"117\" class=\"elementor elementor-117\">\n\t\t\t\t\t\t<section class=\"elementor-section elementor-top-section elementor-element elementor-element-7ceb6a19 elementor-section-content-middle elementor-section-boxed elementor-section-height-default elementor-section-height-default\" data-id=\"7ceb6a19\" data-element_type=\"section\" data-e-type=\"section\">\n\t\t\t\t\t\t<div class=\"elementor-container elementor-column-gap-default\">\n\t\t\t\t\t<div class=\"elementor-column elementor-col-50 elementor-top-column elementor-element elementor-element-4e2351ca\" data-id=\"4e2351ca\" data-element_type=\"column\" data-e-type=\"column\">\n\t\t\t<div class=\"elementor-widget-wrap elementor-element-populated\">\n\t\t\t\t\t\t<div class=\"elementor-element elementor-element-5761bdfb elementor-widget elementor-widget-image\" data-id=\"5761bdfb\" data-element_type=\"widget\" data-e-type=\"widget\" data-widget_type=\"image.default\">\n\t\t\t\t<div class=\"elementor-widget-container\">\n\t\t\t\t\t\t\t\t\t\t\t\t\t\t\t\t<a href=\"https:\/\/fwglorch.de\/wp-content\/uploads\/2021\/01\/Seite1-page-001.jpg\" data-elementor-open-lightbox=\"no\">\n\t\t\t\t\t\t\t<img fetchpriority=\"high\" decoding=\"async\" width=\"724\" height=\"1024\" src=\"https:\/\/fwglorch.de\/wp-content\/uploads\/2021\/01\/Seite1-page-001-724x1024.jpg\" class=\"attachment-large size-large wp-image-324\" alt=\"\" srcset=\"https:\/\/fwglorch.de\/wp-content\/uploads\/2021\/01\/Seite1-page-001-724x1024.jpg 724w, https:\/\/fwglorch.de\/wp-content\/uploads\/2021\/01\/Seite1-page-001-212x300.jpg 212w, https:\/\/fwglorch.de\/wp-content\/uploads\/2021\/01\/Seite1-page-001-768x1086.jpg 768w, https:\/\/fwglorch.de\/wp-content\/uploads\/2021\/01\/Seite1-page-001-1086x1536.jpg 1086w, https:\/\/fwglorch.de\/wp-content\/uploads\/2021\/01\/Seite1-page-001-720x1018.jpg 720w, https:\/\/fwglorch.de\/wp-content\/uploads\/2021\/01\/Seite1-page-001.jpg 1240w\" sizes=\"(max-width: 724px) 100vw, 724px\" \/>\t\t\t\t\t\t\t\t<\/a>\n\t\t\t\t\t\t\t\t\t\t\t\t\t\t\t<\/div>\n\t\t\t\t<\/div>\n\t\t\t\t\t<\/div>\n\t\t<\/div>\n\t\t\t\t<div class=\"elementor-column elementor-col-50 elementor-top-column elementor-element elementor-element-58950d8\" data-id=\"58950d8\" data-element_type=\"column\" data-e-type=\"column\">\n\t\t\t<div class=\"elementor-widget-wrap elementor-element-populated\">\n\t\t\t\t\t\t<div class=\"elementor-element elementor-element-fca26e3 elementor-widget elementor-widget-image\" data-id=\"fca26e3\" data-element_type=\"widget\" data-e-type=\"widget\" data-widget_type=\"image.default\">\n\t\t\t\t<div class=\"elementor-widget-container\">\n\t\t\t\t\t\t\t\t\t\t\t\t\t\t\t\t<a href=\"https:\/\/fwglorch.de\/wp-content\/uploads\/2021\/01\/Seite2-page-001.jpg\" data-elementor-open-lightbox=\"no\">\n\t\t\t\t\t\t\t<img decoding=\"async\" width=\"724\" height=\"1024\" src=\"https:\/\/fwglorch.de\/wp-content\/uploads\/2021\/01\/Seite2-page-001-724x1024.jpg\" class=\"attachment-large size-large wp-image-323\" alt=\"\" srcset=\"https:\/\/fwglorch.de\/wp-content\/uploads\/2021\/01\/Seite2-page-001-724x1024.jpg 724w, https:\/\/fwglorch.de\/wp-content\/uploads\/2021\/01\/Seite2-page-001-212x300.jpg 212w, https:\/\/fwglorch.de\/wp-content\/uploads\/2021\/01\/Seite2-page-001-768x1086.jpg 768w, https:\/\/fwglorch.de\/wp-content\/uploads\/2021\/01\/Seite2-page-001-1086x1536.jpg 1086w, https:\/\/fwglorch.de\/wp-content\/uploads\/2021\/01\/Seite2-page-001-720x1018.jpg 720w, https:\/\/fwglorch.de\/wp-content\/uploads\/2021\/01\/Seite2-page-001.jpg 1240w\" sizes=\"(max-width: 724px) 100vw, 724px\" \/>\t\t\t\t\t\t\t\t<\/a>\n\t\t\t\t\t\t\t\t\t\t\t\t\t\t\t<\/div>\n\t\t\t\t<\/div>\n\t\t\t\t\t<\/div>\n\t\t<\/div>\n\t\t\t\t\t<\/div>\n\t\t<\/section>\n\t\t\t\t<section class=\"elementor-section elementor-top-section elementor-element elementor-element-2151f6e elementor-section-content-middle elementor-section-boxed elementor-section-height-default elementor-section-height-default\" data-id=\"2151f6e\" data-element_type=\"section\" data-e-type=\"section\">\n\t\t\t\t\t\t<div class=\"elementor-container elementor-column-gap-default\">\n\t\t\t\t\t<div class=\"elementor-column elementor-col-50 elementor-top-column elementor-element elementor-element-52b6ce0\" data-id=\"52b6ce0\" data-element_type=\"column\" data-e-type=\"column\">\n\t\t\t<div class=\"elementor-widget-wrap elementor-element-populated\">\n\t\t\t\t\t\t<div class=\"elementor-element elementor-element-bf497f5 elementor-widget elementor-widget-image\" data-id=\"bf497f5\" data-element_type=\"widget\" data-e-type=\"widget\" data-widget_type=\"image.default\">\n\t\t\t\t<div class=\"elementor-widget-container\">\n\t\t\t\t\t\t\t\t\t\t\t\t\t\t\t\t<a href=\"https:\/\/fwglorch.de\/wp-content\/uploads\/2021\/01\/Pressemitteilung-zu-den-Listen-page-001.jpg\" data-elementor-open-lightbox=\"no\">\n\t\t\t\t\t\t\t<img decoding=\"async\" width=\"724\" height=\"1024\" src=\"https:\/\/fwglorch.de\/wp-content\/uploads\/2021\/01\/Pressemitteilung-zu-den-Listen-page-001-724x1024.jpg\" class=\"attachment-large size-large wp-image-315\" alt=\"\" srcset=\"https:\/\/fwglorch.de\/wp-content\/uploads\/2021\/01\/Pressemitteilung-zu-den-Listen-page-001-724x1024.jpg 724w, https:\/\/fwglorch.de\/wp-content\/uploads\/2021\/01\/Pressemitteilung-zu-den-Listen-page-001-212x300.jpg 212w, https:\/\/fwglorch.de\/wp-content\/uploads\/2021\/01\/Pressemitteilung-zu-den-Listen-page-001-768x1086.jpg 768w, https:\/\/fwglorch.de\/wp-content\/uploads\/2021\/01\/Pressemitteilung-zu-den-Listen-page-001-1086x1536.jpg 1086w, https:\/\/fwglorch.de\/wp-content\/uploads\/2021\/01\/Pressemitteilung-zu-den-Listen-page-001-720x1018.jpg 720w, https:\/\/fwglorch.de\/wp-content\/uploads\/2021\/01\/Pressemitteilung-zu-den-Listen-page-001.jpg 1240w\" sizes=\"(max-width: 724px) 100vw, 724px\" \/>\t\t\t\t\t\t\t\t<\/a>\n\t\t\t\t\t\t\t\t\t\t\t\t\t\t\t<\/div>\n\t\t\t\t<\/div>\n\t\t\t\t\t<\/div>\n\t\t<\/div>\n\t\t\t\t<div class=\"elementor-column elementor-col-50 elementor-top-column elementor-element elementor-element-66bbe00\" data-id=\"66bbe00\" data-element_type=\"column\" data-e-type=\"column\">\n\t\t\t<div class=\"elementor-widget-wrap elementor-element-populated\">\n\t\t\t\t\t\t<div class=\"elementor-element elementor-element-312cd4a elementor-widget elementor-widget-heading\" data-id=\"312cd4a\" data-element_type=\"widget\" data-e-type=\"widget\" data-settings=\"{&quot;_animation_mobile&quot;:&quot;none&quot;}\" data-widget_type=\"heading.default\">\n\t\t\t\t<div class=\"elementor-widget-container\">\n\t\t\t\t\t<h2 class=\"elementor-heading-title elementor-size-default\">Liste der FWG gut gef\u00fcllt<\/h2>\t\t\t\t<\/div>\n\t\t\t\t<\/div>\n\t\t\t\t<div class=\"elementor-element elementor-element-c8eba7b elementor-widget elementor-widget-text-editor\" data-id=\"c8eba7b\" data-element_type=\"widget\" data-e-type=\"widget\" data-settings=\"{&quot;_animation_mobile&quot;:&quot;none&quot;}\" data-widget_type=\"text-editor.default\">\n\t\t\t\t<div class=\"elementor-widget-container\">\n\t\t\t\t\t\t\t\t\t<p>Sehr geehrte Damen und Herren,<br \/><br \/>die Ortsgruppe Lorch der Freien W\u00e4hlergemeinschaft freut sich, den B\u00fcrgerinnen und B\u00fcrgern im M\u00e4rz 2021 eine Liste sowohl f\u00fcr Stadtverordnete als auch Ortsbeir\u00e4te zu pr\u00e4sentieren, die es inhaltlich auch wert ist, darauf mehr als stolz zu sein.<br \/><br \/>Die letzten Jahre haben abermals dazu gef\u00fchrt, dass sich eine Menge B\u00fcrger dazu berufen f\u00fchlen, sich politisch zu positionieren, obwohl sie sich das vor kurzem noch gar nicht vorstellen konnten. Aber genau diese B\u00fcrger sind es, die unvoreingenommen und mit frischen Ideen, f\u00fcr uns und die B\u00fcrger, die Lorcher Politkultur wieder in ertr\u00e4gliche Bahnen lenken sollen.<\/p><div>Unsere Kandidatenliste gl\u00e4nzt nach unseren Informationen mit der h\u00f6chsten Frauenquote und einer gesunden Mischung aus Jung und Alt. Die \u201ereiferen Generationen\u201c haben sich dabei absichtlich etwas zur\u00fcckgezogen, um neuen Akteuren eine faire Chance zu erm\u00f6glichen, in die Lorcher Gremien berufen zu werden. Traditionell legt die FWG Wert auf die ehrliche Motivation jedes einzelnen ohne irgendwelche L\u00fcckenf\u00fcller, Gef\u00e4lligkeiten oder \u201eKartei-Leichen\u201c.<\/div><div>\u00a0<\/div>\t\t\t\t\t\t\t\t<\/div>\n\t\t\t\t<\/div>\n\t\t\t\t\t<\/div>\n\t\t<\/div>\n\t\t\t\t\t<\/div>\n\t\t<\/section>\n\t\t\t\t<section class=\"elementor-section elementor-top-section elementor-element elementor-element-9494aaa elementor-section-boxed elementor-section-height-default elementor-section-height-default\" data-id=\"9494aaa\" data-element_type=\"section\" data-e-type=\"section\">\n\t\t\t\t\t\t<div class=\"elementor-container elementor-column-gap-default\">\n\t\t\t\t\t<div class=\"elementor-column elementor-col-100 elementor-top-column elementor-element elementor-element-0f95e95\" data-id=\"0f95e95\" data-element_type=\"column\" data-e-type=\"column\">\n\t\t\t<div class=\"elementor-widget-wrap elementor-element-populated\">\n\t\t\t\t\t\t<div class=\"elementor-element elementor-element-4d18dae elementor-widget elementor-widget-spacer\" data-id=\"4d18dae\" data-element_type=\"widget\" data-e-type=\"widget\" data-widget_type=\"spacer.default\">\n\t\t\t\t<div class=\"elementor-widget-container\">\n\t\t\t\t\t\t\t<div class=\"elementor-spacer\">\n\t\t\t<div class=\"elementor-spacer-inner\"><\/div>\n\t\t<\/div>\n\t\t\t\t\t\t<\/div>\n\t\t\t\t<\/div>\n\t\t\t\t\t<\/div>\n\t\t<\/div>\n\t\t\t\t\t<\/div>\n\t\t<\/section>\n\t\t\t\t<section class=\"elementor-section elementor-top-section elementor-element elementor-element-ec8eac5 elementor-section-content-middle elementor-section-boxed elementor-section-height-default elementor-section-height-default\" data-id=\"ec8eac5\" data-element_type=\"section\" data-e-type=\"section\">\n\t\t\t\t\t\t<div class=\"elementor-container elementor-column-gap-default\">\n\t\t\t\t\t<div class=\"elementor-column elementor-col-50 elementor-top-column elementor-element elementor-element-2235276\" data-id=\"2235276\" data-element_type=\"column\" data-e-type=\"column\">\n\t\t\t<div class=\"elementor-widget-wrap elementor-element-populated\">\n\t\t\t\t\t\t<div class=\"elementor-element elementor-element-45a050a elementor-widget elementor-widget-heading\" data-id=\"45a050a\" data-element_type=\"widget\" data-e-type=\"widget\" data-settings=\"{&quot;_animation_mobile&quot;:&quot;none&quot;}\" data-widget_type=\"heading.default\">\n\t\t\t\t<div class=\"elementor-widget-container\">\n\t\t\t\t\t<h2 class=\"elementor-heading-title elementor-size-default\">FWG k\u00e4mpft f\u00fcr \"\u00dc30-Zone\"<\/h2>\t\t\t\t<\/div>\n\t\t\t\t<\/div>\n\t\t\t\t<div class=\"elementor-element elementor-element-de92701 elementor-widget elementor-widget-text-editor\" data-id=\"de92701\" data-element_type=\"widget\" data-e-type=\"widget\" data-settings=\"{&quot;_animation_mobile&quot;:&quot;none&quot;}\" data-widget_type=\"text-editor.default\">\n\t\t\t\t<div class=\"elementor-widget-container\">\n\t\t\t\t\t\t\t\t\t<p>Liebe B\u00fcrgerinnen und B\u00fcrger,<br \/>auch in den letzten Jahren haben wir wieder ma\u00dfgeblich an der Lorcher Politik mitgewirkt und uns l\u00e4ngst als verl\u00e4ssliche Gespr\u00e4chspartner bewiesen. Angesichts der nach wie vor teilweise undurchsich-tigen Verh\u00e4ltnisse, haben wir freilich nicht alles durchsetzen k\u00f6nnen, aber eines steht fest: Wir haben f\u00fcr unsere \u00dcberzeugungen gek\u00e4mpft, nie lockergelassen und alles ungesch\u00f6nt sowie wahrheitsgem\u00e4\u00df in die \u00d6ffentlichkeit getragen.<br \/>Selbstverst\u00e4ndlich geh\u00f6ren Diskussionen zu einer gesunden Demokratie. Nach unserer Auffassung haben wir jedoch viel zu viel Zeit mit Themen verbracht, zu denen es aus ideellen und moralischen Gr\u00fcnden eigentlich keine zwei Meinungen geben sollte. Um diese erm\u00fcdenden Diskurse etwas einzud\u00e4mmen, w\u00fcnschen wir uns von Ihnen bei den anstehenden Wahlen noch mehr R\u00fcckhalt, Vertrauen und somit mehr Durchsetzungsverm\u00f6gen.<br \/>Aus diesem Grund haben wir uns im aktuellen Wahlkampf zum Ziel gesetzt die \u201ebis-30-Zone\u201c endlich zu verlassen und unsere zunehmenden Stimmanteile erstmals in der Geschichte der Freien W\u00e4hler deutlich \u00fcber 30% zu steigern.<\/p>\t\t\t\t\t\t\t\t<\/div>\n\t\t\t\t<\/div>\n\t\t\t\t\t<\/div>\n\t\t<\/div>\n\t\t\t\t<div class=\"elementor-column elementor-col-50 elementor-top-column elementor-element elementor-element-b2e7806\" data-id=\"b2e7806\" data-element_type=\"column\" data-e-type=\"column\">\n\t\t\t<div class=\"elementor-widget-wrap elementor-element-populated\">\n\t\t\t\t\t\t<div class=\"elementor-element elementor-element-f8cf213 elementor-widget elementor-widget-image\" data-id=\"f8cf213\" data-element_type=\"widget\" data-e-type=\"widget\" data-widget_type=\"image.default\">\n\t\t\t\t<div class=\"elementor-widget-container\">\n\t\t\t\t\t\t\t\t\t\t\t\t\t\t\t\t<a href=\"https:\/\/fwglorch.de\/wp-content\/uploads\/2020\/11\/Wahlkampf-2021-30-Zone2.pdf\">\n\t\t\t\t\t\t\t<img loading=\"lazy\" decoding=\"async\" width=\"724\" height=\"1024\" src=\"https:\/\/fwglorch.de\/wp-content\/uploads\/2020\/11\/Wahlkampf-2021-30-Zone2-page-001-724x1024.jpg\" class=\"attachment-large size-large wp-image-228\" alt=\"\" srcset=\"https:\/\/fwglorch.de\/wp-content\/uploads\/2020\/11\/Wahlkampf-2021-30-Zone2-page-001-724x1024.jpg 724w, https:\/\/fwglorch.de\/wp-content\/uploads\/2020\/11\/Wahlkampf-2021-30-Zone2-page-001-212x300.jpg 212w, https:\/\/fwglorch.de\/wp-content\/uploads\/2020\/11\/Wahlkampf-2021-30-Zone2-page-001-768x1086.jpg 768w, https:\/\/fwglorch.de\/wp-content\/uploads\/2020\/11\/Wahlkampf-2021-30-Zone2-page-001-1086x1536.jpg 1086w, https:\/\/fwglorch.de\/wp-content\/uploads\/2020\/11\/Wahlkampf-2021-30-Zone2-page-001-1448x2048.jpg 1448w, https:\/\/fwglorch.de\/wp-content\/uploads\/2020\/11\/Wahlkampf-2021-30-Zone2-page-001-720x1018.jpg 720w, https:\/\/fwglorch.de\/wp-content\/uploads\/2020\/11\/Wahlkampf-2021-30-Zone2-page-001-scaled.jpg 1810w\" sizes=\"(max-width: 724px) 100vw, 724px\" \/>\t\t\t\t\t\t\t\t<\/a>\n\t\t\t\t\t\t\t\t\t\t\t\t\t\t\t<\/div>\n\t\t\t\t<\/div>\n\t\t\t\t\t<\/div>\n\t\t<\/div>\n\t\t\t\t\t<\/div>\n\t\t<\/section>\n\t\t\t\t<section class=\"elementor-section elementor-top-section elementor-element elementor-element-5e77591 elementor-section-content-middle elementor-section-boxed elementor-section-height-default elementor-section-height-default\" data-id=\"5e77591\" data-element_type=\"section\" data-e-type=\"section\">\n\t\t\t\t\t\t<div class=\"elementor-container elementor-column-gap-default\">\n\t\t\t\t\t<div class=\"elementor-column elementor-col-50 elementor-top-column elementor-element elementor-element-23e9d99\" data-id=\"23e9d99\" data-element_type=\"column\" data-e-type=\"column\">\n\t\t\t<div class=\"elementor-widget-wrap elementor-element-populated\">\n\t\t\t\t\t\t<div class=\"elementor-element elementor-element-1b79ecd elementor-widget elementor-widget-image\" data-id=\"1b79ecd\" data-element_type=\"widget\" data-e-type=\"widget\" data-widget_type=\"image.default\">\n\t\t\t\t<div class=\"elementor-widget-container\">\n\t\t\t\t\t\t\t\t\t\t\t\t\t\t\t\t<a href=\"https:\/\/fwglorch.de\/wp-content\/uploads\/2020\/11\/Wahlkampf-2021-30-Zone2.pdf\">\n\t\t\t\t\t\t\t<img loading=\"lazy\" decoding=\"async\" width=\"724\" height=\"1024\" src=\"https:\/\/fwglorch.de\/wp-content\/uploads\/2020\/11\/Wahlkampf-2021-30-Zone2-page-002-724x1024.jpg\" class=\"attachment-large size-large wp-image-229\" alt=\"\" srcset=\"https:\/\/fwglorch.de\/wp-content\/uploads\/2020\/11\/Wahlkampf-2021-30-Zone2-page-002-724x1024.jpg 724w, https:\/\/fwglorch.de\/wp-content\/uploads\/2020\/11\/Wahlkampf-2021-30-Zone2-page-002-212x300.jpg 212w, https:\/\/fwglorch.de\/wp-content\/uploads\/2020\/11\/Wahlkampf-2021-30-Zone2-page-002-768x1086.jpg 768w, https:\/\/fwglorch.de\/wp-content\/uploads\/2020\/11\/Wahlkampf-2021-30-Zone2-page-002-1086x1536.jpg 1086w, https:\/\/fwglorch.de\/wp-content\/uploads\/2020\/11\/Wahlkampf-2021-30-Zone2-page-002-1448x2048.jpg 1448w, https:\/\/fwglorch.de\/wp-content\/uploads\/2020\/11\/Wahlkampf-2021-30-Zone2-page-002-720x1018.jpg 720w, https:\/\/fwglorch.de\/wp-content\/uploads\/2020\/11\/Wahlkampf-2021-30-Zone2-page-002-scaled.jpg 1810w\" sizes=\"(max-width: 724px) 100vw, 724px\" \/>\t\t\t\t\t\t\t\t<\/a>\n\t\t\t\t\t\t\t\t\t\t\t\t\t\t\t<\/div>\n\t\t\t\t<\/div>\n\t\t\t\t\t<\/div>\n\t\t<\/div>\n\t\t\t\t<div class=\"elementor-column elementor-col-50 elementor-top-column elementor-element elementor-element-d654bf0\" data-id=\"d654bf0\" data-element_type=\"column\" data-e-type=\"column\">\n\t\t\t<div class=\"elementor-widget-wrap elementor-element-populated\">\n\t\t\t\t\t\t<div class=\"elementor-element elementor-element-4ae9751 elementor-widget elementor-widget-image\" data-id=\"4ae9751\" data-element_type=\"widget\" data-e-type=\"widget\" data-widget_type=\"image.default\">\n\t\t\t\t<div class=\"elementor-widget-container\">\n\t\t\t\t\t\t\t\t\t\t\t\t\t\t\t\t<a href=\"https:\/\/fwglorch.de\/wp-content\/uploads\/2020\/11\/Wahlkampf-2021-30-Zone2.pdf\">\n\t\t\t\t\t\t\t<img loading=\"lazy\" decoding=\"async\" width=\"724\" height=\"1024\" src=\"https:\/\/fwglorch.de\/wp-content\/uploads\/2020\/11\/Wahlkampf-2021-30-Zone2-page-003-724x1024.jpg\" class=\"attachment-large size-large wp-image-230\" alt=\"\" srcset=\"https:\/\/fwglorch.de\/wp-content\/uploads\/2020\/11\/Wahlkampf-2021-30-Zone2-page-003-724x1024.jpg 724w, https:\/\/fwglorch.de\/wp-content\/uploads\/2020\/11\/Wahlkampf-2021-30-Zone2-page-003-212x300.jpg 212w, https:\/\/fwglorch.de\/wp-content\/uploads\/2020\/11\/Wahlkampf-2021-30-Zone2-page-003-768x1086.jpg 768w, https:\/\/fwglorch.de\/wp-content\/uploads\/2020\/11\/Wahlkampf-2021-30-Zone2-page-003-1086x1536.jpg 1086w, https:\/\/fwglorch.de\/wp-content\/uploads\/2020\/11\/Wahlkampf-2021-30-Zone2-page-003-1448x2048.jpg 1448w, https:\/\/fwglorch.de\/wp-content\/uploads\/2020\/11\/Wahlkampf-2021-30-Zone2-page-003-720x1018.jpg 720w, https:\/\/fwglorch.de\/wp-content\/uploads\/2020\/11\/Wahlkampf-2021-30-Zone2-page-003-scaled.jpg 1810w\" sizes=\"(max-width: 724px) 100vw, 724px\" \/>\t\t\t\t\t\t\t\t<\/a>\n\t\t\t\t\t\t\t\t\t\t\t\t\t\t\t<\/div>\n\t\t\t\t<\/div>\n\t\t\t\t\t<\/div>\n\t\t<\/div>\n\t\t\t\t\t<\/div>\n\t\t<\/section>\n\t\t\t\t<\/div>\n\t\t","protected":false},"excerpt":{"rendered":"<p>Liste der FWG gut gef\u00fcllt Sehr geehrte Damen und Herren, die Ortsgruppe Lorch der Freien W\u00e4hlergemeinschaft freut sich, den B\u00fcrgerinnen [&hellip;]<\/p>\n","protected":false},"author":2,"featured_media":0,"parent":0,"menu_order":0,"comment_status":"closed","ping_status":"closed","template":"page-templates\/template_page-builder.php","meta":{"footnotes":""},"class_list":["post-117","page","type-page","status-publish","hentry"],"_links":{"self":[{"href":"https:\/\/fwglorch.de\/index.php?rest_route=\/wp\/v2\/pages\/117","targetHints":{"allow":["GET"]}}],"collection":[{"href":"https:\/\/fwglorch.de\/index.php?rest_route=\/wp\/v2\/pages"}],"about":[{"href":"https:\/\/fwglorch.de\/index.php?rest_route=\/wp\/v2\/types\/page"}],"author":[{"embeddable":true,"href":"https:\/\/fwglorch.de\/index.php?rest_route=\/wp\/v2\/users\/2"}],"replies":[{"embeddable":true,"href":"https:\/\/fwglorch.de\/index.php?rest_route=%2Fwp%2Fv2%2Fcomments&post=117"}],"version-history":[{"count":14,"href":"https:\/\/fwglorch.de\/index.php?rest_route=\/wp\/v2\/pages\/117\/revisions"}],"predecessor-version":[{"id":327,"href":"https:\/\/fwglorch.de\/index.php?rest_route=\/wp\/v2\/pages\/117\/revisions\/327"}],"wp:attachment":[{"href":"https:\/\/fwglorch.de\/index.php?rest_route=%2Fwp%2Fv2%2Fmedia&parent=117"}],"curies":[{"name":"wp","href":"https:\/\/api.w.org\/{rel}","templated":true}]}}