{"id":129,"date":"2020-05-11T12:13:48","date_gmt":"2020-05-11T12:13:48","guid":{"rendered":"https:\/\/fwglorch.de\/?page_id=129"},"modified":"2020-05-12T12:22:15","modified_gmt":"2020-05-12T12:22:15","slug":"geschichte-der-fwg","status":"publish","type":"page","link":"https:\/\/fwglorch.de\/?page_id=129","title":{"rendered":"Geschichte der FWG"},"content":{"rendered":"\t\t<div data-elementor-type=\"wp-page\" data-elementor-id=\"129\" class=\"elementor elementor-129\">\n\t\t\t\t\t\t<section class=\"elementor-section elementor-top-section elementor-element elementor-element-c286901 elementor-section-boxed elementor-section-height-default elementor-section-height-default\" data-id=\"c286901\" data-element_type=\"section\" data-e-type=\"section\">\n\t\t\t\t\t\t<div class=\"elementor-container elementor-column-gap-default\">\n\t\t\t\t\t<div class=\"elementor-column elementor-col-100 elementor-top-column elementor-element elementor-element-ef95b6a\" data-id=\"ef95b6a\" data-element_type=\"column\" data-e-type=\"column\">\n\t\t\t<div class=\"elementor-widget-wrap elementor-element-populated\">\n\t\t\t\t\t\t<div class=\"elementor-element elementor-element-98647e7 elementor-widget elementor-widget-heading\" data-id=\"98647e7\" data-element_type=\"widget\" data-e-type=\"widget\" data-widget_type=\"heading.default\">\n\t\t\t\t<div class=\"elementor-widget-container\">\n\t\t\t\t\t<h1 class=\"elementor-heading-title elementor-size-default\">Die Geschichte der<br>Freien W\u00e4hlergemeinschaft Lorch<\/h1>\t\t\t\t<\/div>\n\t\t\t\t<\/div>\n\t\t\t\t\t<\/div>\n\t\t<\/div>\n\t\t\t\t\t<\/div>\n\t\t<\/section>\n\t\t\t\t<section class=\"elementor-section elementor-top-section elementor-element elementor-element-27675829 elementor-section-content-middle elementor-section-boxed elementor-section-height-default elementor-section-height-default\" data-id=\"27675829\" data-element_type=\"section\" data-e-type=\"section\">\n\t\t\t\t\t\t<div class=\"elementor-container elementor-column-gap-no\">\n\t\t\t\t\t<div class=\"elementor-column elementor-col-50 elementor-top-column elementor-element elementor-element-1d780190\" data-id=\"1d780190\" data-element_type=\"column\" data-e-type=\"column\">\n\t\t\t<div class=\"elementor-widget-wrap elementor-element-populated\">\n\t\t\t\t\t\t<div class=\"elementor-element elementor-element-6d5a30fa elementor-widget elementor-widget-text-editor\" data-id=\"6d5a30fa\" data-element_type=\"widget\" data-e-type=\"widget\" data-widget_type=\"text-editor.default\">\n\t\t\t\t<div class=\"elementor-widget-container\">\n\t\t\t\t\t\t\t\t\t<p>Als \u00fcber der Wisperstadt Lorch das Damoklesschwert einer Wispertalsperre hing, durch die sich die Lorcher Bev\u00f6lkerung bedroht f\u00fchlte, wurde im Jahre 1964 w\u00e4hrend einer B\u00fcrger-versammlung im Kolpinghaus zun\u00e4chst die \u201eLorcher Notge-meinschaft\u201c gegr\u00fcndet.<\/p>\t\t\t\t\t\t\t\t<\/div>\n\t\t\t\t<\/div>\n\t\t\t\t<div class=\"elementor-element elementor-element-65bbd20 elementor-widget elementor-widget-image\" data-id=\"65bbd20\" data-element_type=\"widget\" data-e-type=\"widget\" data-widget_type=\"image.default\">\n\t\t\t\t<div class=\"elementor-widget-container\">\n\t\t\t\t\t\t\t\t\t\t\t\t\t\t\t\t<a href=\"https:\/\/fwglorch.de\/wp-content\/uploads\/2020\/05\/Geschichte-der-FWG-Lorch-page-001.jpg\" data-elementor-open-lightbox=\"no\">\n\t\t\t\t\t\t\t<img fetchpriority=\"high\" decoding=\"async\" width=\"1240\" height=\"1754\" src=\"https:\/\/fwglorch.de\/wp-content\/uploads\/2020\/05\/Geschichte-der-FWG-Lorch-page-001.jpg\" class=\"elementor-animation-grow attachment-full size-full wp-image-133\" alt=\"\" srcset=\"https:\/\/fwglorch.de\/wp-content\/uploads\/2020\/05\/Geschichte-der-FWG-Lorch-page-001.jpg 1240w, https:\/\/fwglorch.de\/wp-content\/uploads\/2020\/05\/Geschichte-der-FWG-Lorch-page-001-212x300.jpg 212w, https:\/\/fwglorch.de\/wp-content\/uploads\/2020\/05\/Geschichte-der-FWG-Lorch-page-001-724x1024.jpg 724w, https:\/\/fwglorch.de\/wp-content\/uploads\/2020\/05\/Geschichte-der-FWG-Lorch-page-001-768x1086.jpg 768w, https:\/\/fwglorch.de\/wp-content\/uploads\/2020\/05\/Geschichte-der-FWG-Lorch-page-001-1086x1536.jpg 1086w, https:\/\/fwglorch.de\/wp-content\/uploads\/2020\/05\/Geschichte-der-FWG-Lorch-page-001-720x1018.jpg 720w\" sizes=\"(max-width: 1240px) 100vw, 1240px\" \/>\t\t\t\t\t\t\t\t<\/a>\n\t\t\t\t\t\t\t\t\t\t\t\t\t\t\t<\/div>\n\t\t\t\t<\/div>\n\t\t\t\t\t<\/div>\n\t\t<\/div>\n\t\t\t\t<div class=\"elementor-column elementor-col-50 elementor-top-column elementor-element elementor-element-76fc969a\" data-id=\"76fc969a\" data-element_type=\"column\" data-e-type=\"column\">\n\t\t\t<div class=\"elementor-widget-wrap elementor-element-populated\">\n\t\t\t\t\t\t<div class=\"elementor-element elementor-element-3dc63737 elementor-widget elementor-widget-image\" data-id=\"3dc63737\" data-element_type=\"widget\" data-e-type=\"widget\" data-widget_type=\"image.default\">\n\t\t\t\t<div class=\"elementor-widget-container\">\n\t\t\t\t\t\t\t\t\t\t\t\t\t\t\t\t<a href=\"https:\/\/fwglorch.de\/wp-content\/uploads\/2020\/05\/Geschichte-der-FWG-Lorch-page-002.jpg\" data-elementor-open-lightbox=\"no\">\n\t\t\t\t\t\t\t<img decoding=\"async\" width=\"1240\" height=\"1754\" src=\"https:\/\/fwglorch.de\/wp-content\/uploads\/2020\/05\/Geschichte-der-FWG-Lorch-page-002.jpg\" class=\"elementor-animation-grow attachment-full size-full wp-image-134\" alt=\"\" srcset=\"https:\/\/fwglorch.de\/wp-content\/uploads\/2020\/05\/Geschichte-der-FWG-Lorch-page-002.jpg 1240w, https:\/\/fwglorch.de\/wp-content\/uploads\/2020\/05\/Geschichte-der-FWG-Lorch-page-002-212x300.jpg 212w, https:\/\/fwglorch.de\/wp-content\/uploads\/2020\/05\/Geschichte-der-FWG-Lorch-page-002-724x1024.jpg 724w, https:\/\/fwglorch.de\/wp-content\/uploads\/2020\/05\/Geschichte-der-FWG-Lorch-page-002-768x1086.jpg 768w, https:\/\/fwglorch.de\/wp-content\/uploads\/2020\/05\/Geschichte-der-FWG-Lorch-page-002-1086x1536.jpg 1086w, https:\/\/fwglorch.de\/wp-content\/uploads\/2020\/05\/Geschichte-der-FWG-Lorch-page-002-720x1018.jpg 720w\" sizes=\"(max-width: 1240px) 100vw, 1240px\" \/>\t\t\t\t\t\t\t\t<\/a>\n\t\t\t\t\t\t\t\t\t\t\t\t\t\t\t<\/div>\n\t\t\t\t<\/div>\n\t\t\t\t<div class=\"elementor-element elementor-element-1b18b502 elementor-widget elementor-widget-text-editor\" data-id=\"1b18b502\" data-element_type=\"widget\" data-e-type=\"widget\" data-widget_type=\"text-editor.default\">\n\t\t\t\t<div class=\"elementor-widget-container\">\n\t\t\t\t\t\t\t\t\t<p>Im Jahre 1971 wurde der Name \u201eNotgemeinschaft\u201c in \u201eW\u00e4hlergemeinschaft\u201c<br \/>ge\u00e4ndert. Im Jahre 1994 \u00e4nderte sich der<br \/>Name erneut: Dem Namen \u201eW\u00e4hlergemeinschaft\u201c wurde nun<br \/>das Wort \u201eFreie\u201c vorangestellt.<\/p><p>Die Freie W\u00e4hlergemeinschaft Lorch ist bis heute mit freien<br \/>Mandatstr\u00e4gern an der Entscheidungsfindung zum Wohle<br \/>der Stadt Lorch beteiligt und konnte seinen Einfluss dank<br \/>entsprechender W\u00e4hlerstimmen bei den folgenden Wahlen<br \/>stetig steigern<\/p>\t\t\t\t\t\t\t\t<\/div>\n\t\t\t\t<\/div>\n\t\t\t\t\t<\/div>\n\t\t<\/div>\n\t\t\t\t\t<\/div>\n\t\t<\/section>\n\t\t\t\t<\/div>\n\t\t","protected":false},"excerpt":{"rendered":"<p>Die Geschichte derFreien W\u00e4hlergemeinschaft Lorch Als \u00fcber der Wisperstadt Lorch das Damoklesschwert einer Wispertalsperre hing, durch die sich die Lorcher [&hellip;]<\/p>\n","protected":false},"author":2,"featured_media":0,"parent":0,"menu_order":0,"comment_status":"closed","ping_status":"closed","template":"page-templates\/template_page-builder.php","meta":{"footnotes":""},"class_list":["post-129","page","type-page","status-publish","hentry"],"_links":{"self":[{"href":"https:\/\/fwglorch.de\/index.php?rest_route=\/wp\/v2\/pages\/129","targetHints":{"allow":["GET"]}}],"collection":[{"href":"https:\/\/fwglorch.de\/index.php?rest_route=\/wp\/v2\/pages"}],"about":[{"href":"https:\/\/fwglorch.de\/index.php?rest_route=\/wp\/v2\/types\/page"}],"author":[{"embeddable":true,"href":"https:\/\/fwglorch.de\/index.php?rest_route=\/wp\/v2\/users\/2"}],"replies":[{"embeddable":true,"href":"https:\/\/fwglorch.de\/index.php?rest_route=%2Fwp%2Fv2%2Fcomments&post=129"}],"version-history":[{"count":5,"href":"https:\/\/fwglorch.de\/index.php?rest_route=\/wp\/v2\/pages\/129\/revisions"}],"predecessor-version":[{"id":160,"href":"https:\/\/fwglorch.de\/index.php?rest_route=\/wp\/v2\/pages\/129\/revisions\/160"}],"wp:attachment":[{"href":"https:\/\/fwglorch.de\/index.php?rest_route=%2Fwp%2Fv2%2Fmedia&parent=129"}],"curies":[{"name":"wp","href":"https:\/\/api.w.org\/{rel}","templated":true}]}}